{"id":26,"date":"2022-09-29T22:31:41","date_gmt":"2022-09-30T01:31:41","guid":{"rendered":"http:\/\/dpapillonsp.com.br\/index.php\/diretoria\/"},"modified":"2022-09-29T22:31:43","modified_gmt":"2022-09-30T01:31:43","slug":"diretoria","status":"publish","type":"page","link":"http:\/\/dpapillonsp.com.br\/index.php\/diretoria\/","title":{"rendered":"Diretoria"},"content":{"rendered":"\n  \n    <section class=\"u-align-left u-clearfix u-section-1\" id=\"sec-ae77\">\n      <div class=\"u-clearfix u-sheet u-valign-middle u-sheet-1\">\n        <div class=\"fr-view u-clearfix u-rich-text u-text u-text-1\">\n          <h3 style=\"text-align: left;\">Conhe\u00e7a a administra\u00e7\u00e3o do departamento da ra\u00e7a Papillon<\/h3>\n          <p style=\"text-align: left;\">\n            <span style=\"line-height: 2; font-size: 1.25rem;\">Coordenador: Henrique Cirilo<\/span>\n          <\/p>\n          <p style=\"text-align: left;\">\n            <span style=\"font-size: 1.25rem;\">Vice Coordenador: Francisco Pinheiro<\/span>\n          <\/p>\n          <p style=\"text-align: left;\">\n            <span style=\"font-size: 1.25rem;\">Comiss\u00e3o de Adestramento: H\u00e9lio Lima<\/span>\n          <\/p>\n          <p style=\"text-align: left;\">\n            <span style=\"font-size: 1.25rem;\">Comiss\u00e3o de Agility: Dan Wroblewski<\/span>\n          <\/p>\n        <\/div>\n      <\/div>\n    <\/section>\n    \n    \n    \n    \n  \n","protected":false},"excerpt":{"rendered":"<p>Conhe\u00e7a a administra\u00e7\u00e3o do departamento da ra\u00e7a Papillon Coordenador: Henrique Cirilo Vice Coordenador: Francisco Pinheiro Comiss\u00e3o de Adestramento: H\u00e9lio Lima Comiss\u00e3o de Agility: Dan Wroblewski<\/p>\n","protected":false},"author":1,"featured_media":0,"parent":0,"menu_order":4,"comment_status":"closed","ping_status":"closed","template":"","meta":{"footnotes":""},"class_list":["post-26","page","type-page","status-publish","hentry"],"_links":{"self":[{"href":"http:\/\/dpapillonsp.com.br\/index.php\/wp-json\/wp\/v2\/pages\/26","targetHints":{"allow":["GET"]}}],"collection":[{"href":"http:\/\/dpapillonsp.com.br\/index.php\/wp-json\/wp\/v2\/pages"}],"about":[{"href":"http:\/\/dpapillonsp.com.br\/index.php\/wp-json\/wp\/v2\/types\/page"}],"author":[{"embeddable":true,"href":"http:\/\/dpapillonsp.com.br\/index.php\/wp-json\/wp\/v2\/users\/1"}],"replies":[{"embeddable":true,"href":"http:\/\/dpapillonsp.com.br\/index.php\/wp-json\/wp\/v2\/comments?post=26"}],"version-history":[{"count":1,"href":"http:\/\/dpapillonsp.com.br\/index.php\/wp-json\/wp\/v2\/pages\/26\/revisions"}],"predecessor-version":[{"id":36,"href":"http:\/\/dpapillonsp.com.br\/index.php\/wp-json\/wp\/v2\/pages\/26\/revisions\/36"}],"wp:attachment":[{"href":"http:\/\/dpapillonsp.com.br\/index.php\/wp-json\/wp\/v2\/media?parent=26"}],"curies":[{"name":"wp","href":"https:\/\/api.w.org\/{rel}","templated":true}]}}