{"id":25,"date":"2022-09-29T22:31:40","date_gmt":"2022-09-30T01:31:40","guid":{"rendered":"http:\/\/dpapillonsp.com.br\/index.php\/pagina-inicial\/"},"modified":"2022-09-29T22:31:42","modified_gmt":"2022-09-30T01:31:42","slug":"pagina-inicial","status":"publish","type":"page","link":"http:\/\/dpapillonsp.com.br\/","title":{"rendered":"P\u00e1gina Inicial"},"content":{"rendered":"\n  \n    <section class=\"u-align-left u-clearfix u-custom-color-1 u-valign-middle-sm u-valign-middle-xs u-section-1\" id=\"carousel_1d6d\">\n      <div class=\"u-clearfix u-sheet u-valign-middle u-sheet-1\">\n        <div class=\"u-clearfix u-layout-wrap u-layout-wrap-1\">\n          <div class=\"u-gutter-0 u-layout\">\n            <div class=\"u-layout-row\">\n              <div class=\"u-align-left u-container-style u-layout-cell u-left-cell u-size-60 u-layout-cell-1\">\n                <div class=\"u-container-layout u-valign-middle u-container-layout-1\">\n                  <h1 class=\"u-text u-text-1\">Papillon<\/h1>\n                  <h2 class=\"u-custom-font u-font-oswald u-text u-text-black u-text-2\">Conhe\u00e7a a Ra\u00e7a<\/h2>\n                  <p class=\"u-text u-text-palette-2-light-3 u-text-3\">O primeiro passo para se conhecer um ra\u00e7a de c\u00e3o \u00e9 estudar o seu padr\u00e3o. No bot\u00e3o abaixo voc\u00ea poder\u00e1 conhecer o padr\u00e3o de acordo com o sistema FCI \/ CBKC.<\/p>\n                  <a href=\"https:\/\/cbkc.org\/application\/views\/docs\/padroes\/padrao-raca_196.pdf\" class=\"u-active-white u-btn u-btn-rectangle u-button-style u-custom-font u-font-oswald u-hover-palette-2-light-1 u-radius-0 u-text-palette-4-base u-white u-btn-1\" target=\"_blank\">Par\u00e3o da Ra\u00e7a<\/a>\n                <\/div>\n              <\/div>\n            <\/div>\n          <\/div>\n        <\/div>\n        <div class=\"fr-view u-clearfix u-rich-text u-text u-text-4\">\n          <h5 style=\"text-align: left;\">\n            <span style=\"font-size: 1.5rem;\">Papillon na Corte<\/span>\n          <\/h5>\n          <p style=\"text-align: left;\">\n            <span style=\"font-size: 1.5rem;\">Em muitas pinturas antigas, que est\u00e3o em museus e galerias, demonstram &nbsp;\u00e0 presen\u00e7a dos c\u00e3es Papillon. pincipalmente entre os nobres da Fran\u00e7a, B\u00e9lgica e Holanda. Na foto ao lado, da pintura de Madame Pmpoadour (cortes\u00e3 francesa e amante do Rei Luis XV da Fran\u00e7a) temos um Papillon em seu colo. &nbsp;<\/span>\n          <\/p>\n        <\/div>\n        <img decoding=\"async\" class=\"u-image u-image-default u-preserve-proportions u-image-1\" src=\"http:\/\/dpapillonsp.com.br\/wp-content\/uploads\/2022\/09\/madamepampadour.jpg\" alt=\"\" data-image-width=\"199\" data-image-height=\"253\">\n      <\/div>\n    <\/section>\n    <section class=\"u-align-center u-clearfix u-image u-shading u-section-2\" src=\"\" data-image-width=\"813\" data-image-height=\"855\" id=\"sec-93f6\" style=\"background-image: linear-gradient(0deg, rgba(0, 0, 0, 0.55), rgba(0, 0, 0, 0.55)), url(&quot;http:\/\/dpapillonsp.com.br\/wp-content\/uploads\/2022\/09\/comportamento.jpg&quot;);\">\n      <div class=\"u-clearfix u-sheet u-sheet-1\">\n        <h1 class=\"u-text u-text-default u-title u-text-1\">Papillon<\/h1>\n        <p class=\"u-large-text u-text u-text-variant u-text-2\">Adora brincar e atividades o que o torna um c\u00e3o excelente para o agility.<\/p>\n      <\/div>\n    <\/section>\n    <section class=\"u-clearfix u-section-3\" id=\"sec-3305\">\n      <div class=\"u-clearfix u-sheet u-valign-middle u-sheet-1\">\n        <div class=\"u-align-center u-clearfix u-gutter-78 u-layout-wrap u-layout-wrap-1\">\n          <div class=\"u-gutter-0 u-layout\">\n            <div class=\"u-layout-row\">\n              <div class=\"u-container-style u-layout-cell u-size-30 u-layout-cell-1\">\n                <div class=\"u-container-layout u-container-layout-1\">\n                  <h2 class=\"u-align-center u-text u-text-default u-text-1\">Sa\u00fade do Papillon<\/h2>\n                  <p class=\"u-align-center u-text u-text-2\">Embora seja um c\u00e3o extremamente saud\u00e1vel e importante alguns cuidados com a ra\u00e7a e visitas regulares ao veterin\u00e1rio<\/p>\n                <\/div>\n              <\/div>\n              <div class=\"u-align-center u-container-style u-image u-image-contain u-layout-cell u-size-30 u-image-1\" data-image-width=\"1280\" data-image-height=\"1195\" style=\"background-image: url(&quot;http:\/\/dpapillonsp.com.br\/wp-content\/uploads\/2022\/09\/bb3c46478da7f93463242409acb6fd158d6042a4653be218745daaad414c0b11b006a07af0a0880c75a549598d1ff695327d26105de559dde534bf_1280.jpg&quot;);\">\n                <div class=\"u-container-layout u-valign-top u-container-layout-2\"><\/div>\n              <\/div>\n            <\/div>\n          <\/div>\n        <\/div>\n      <\/div>\n    <\/section>\n    \n    \n    \n    \n  \n","protected":false},"excerpt":{"rendered":"<p>Papillon Conhe\u00e7a a Ra\u00e7a O primeiro passo para se conhecer um ra\u00e7a de c\u00e3o \u00e9 estudar o seu padr\u00e3o. No bot\u00e3o abaixo voc\u00ea poder\u00e1 conhecer o padr\u00e3o de acordo com o sistema FCI \/ CBKC. Par\u00e3o da Ra\u00e7a Papillon na Corte Em muitas pinturas antigas, que est\u00e3o em museus e galerias, demonstram &nbsp;\u00e0 presen\u00e7a dos &hellip; <a href=\"http:\/\/dpapillonsp.com.br\/\" class=\"more-link\">Continue reading<span class=\"screen-reader-text\"> &#8220;P\u00e1gina Inicial&#8221;<\/span><\/a><\/p>\n","protected":false},"author":1,"featured_media":0,"parent":0,"menu_order":3,"comment_status":"closed","ping_status":"closed","template":"","meta":{"footnotes":""},"class_list":["post-25","page","type-page","status-publish","hentry"],"_links":{"self":[{"href":"http:\/\/dpapillonsp.com.br\/index.php\/wp-json\/wp\/v2\/pages\/25","targetHints":{"allow":["GET"]}}],"collection":[{"href":"http:\/\/dpapillonsp.com.br\/index.php\/wp-json\/wp\/v2\/pages"}],"about":[{"href":"http:\/\/dpapillonsp.com.br\/index.php\/wp-json\/wp\/v2\/types\/page"}],"author":[{"embeddable":true,"href":"http:\/\/dpapillonsp.com.br\/index.php\/wp-json\/wp\/v2\/users\/1"}],"replies":[{"embeddable":true,"href":"http:\/\/dpapillonsp.com.br\/index.php\/wp-json\/wp\/v2\/comments?post=25"}],"version-history":[{"count":1,"href":"http:\/\/dpapillonsp.com.br\/index.php\/wp-json\/wp\/v2\/pages\/25\/revisions"}],"predecessor-version":[{"id":35,"href":"http:\/\/dpapillonsp.com.br\/index.php\/wp-json\/wp\/v2\/pages\/25\/revisions\/35"}],"wp:attachment":[{"href":"http:\/\/dpapillonsp.com.br\/index.php\/wp-json\/wp\/v2\/media?parent=25"}],"curies":[{"name":"wp","href":"https:\/\/api.w.org\/{rel}","templated":true}]}}