{"id":24,"date":"2022-09-29T22:31:39","date_gmt":"2022-09-30T01:31:39","guid":{"rendered":"http:\/\/dpapillonsp.com.br\/index.php\/institucional\/"},"modified":"2022-09-29T22:31:42","modified_gmt":"2022-09-30T01:31:42","slug":"institucional","status":"publish","type":"page","link":"http:\/\/dpapillonsp.com.br\/index.php\/institucional\/","title":{"rendered":"Institucional"},"content":{"rendered":"\n  \n    <section class=\"u-align-left u-clearfix u-section-1\" id=\"sec-a6ff\">\n      <div class=\"u-clearfix u-sheet u-sheet-1\">\n        <div class=\"fr-view u-clearfix u-rich-text u-text u-text-1\">\n          <h1 style=\"text-align: left;\">CONV\u00caNIO N\u00ba &nbsp; - 001-FCSP\/CPC\/22<\/h1>\n          <p>CONV\u00caNIO QUE ENTRE SI CELEBRAM A FEDERA\u00c7\u00c3O CIN\u00d3FILA S\u00c3O PAULO, POR INTERM\u00c9DIO DO CLUBE PAULISTANO DE CINOFILIA \u2013 CPC E O DEPARTAMENTO ESTADUAL DA RA\u00c7A PEQUENO SPANIEL CONTINENTAL - PAPILLON&nbsp;<\/p>\n          <p>I \u2013 DAS PARTES<\/p>\n          <p>FEDERA\u00c7\u00c3O CIN\u00d3FILA S\u00c3O PAULO &nbsp;\u2013 FCSP \u2013 doravante denominada CONCEDENTE, neste ato representada pelo seu Presidente da Diretoria Administrativa, Jos\u00e9 Aires de Morais.<\/p>\n          <p>DEPARTAMENTO ESTADUAL DA RA\u00c7A PEQUENO SPANIEL CONTINENTAL - PAPILOLON &nbsp; entidade cin\u00f3fila departamental de ra\u00e7a, com sede provis\u00f3ria \u00e0 Av. dos Imar\u00e9s \u2013 625 \u2013 Moema , cidade de S\u00e3o Paulo, CEP 04085-001, doravante denominado CONVENENTE neste ato representado pelo seu &nbsp;Coordenador Henrique Cirilo.<\/p>\n          <p>CLUBE PAULISTANO DE CINOFILIA - CPC, entidade cin\u00f3fila, com sede \u00e0 Av. dos Imares 625 - Moema , cidade de S\u00e3o Paulo, CEP 04085-001, CNPJ 02.316.477\/0001-06, &nbsp;doravante denominado MENTOR INSTITUCIONAL&nbsp;<\/p>\n          <p>II \u2013 DAS CONDI\u00c7\u00d5ES<\/p>\n          <ol start=\"1\" style=\"margin-top:0cm;\" type=\"1\">\n            <li style=\"text-align:justify;mso-list:l0 level1 lfo1;\">O CONVENENTE &nbsp;integra o sistema FCSP, como Departamento Estadual de Ra\u00e7a, nas condi\u00e7\u00f5es e enquanto sejam cumpridos os encargos assumidos neste Conv\u00eanio, perante o CONCEDENTE e a CBKC.<\/li>\n          <\/ol>\n          <ol start=\"2\" style=\"margin-top:0cm;\" type=\"1\">\n            <li style=\"text-align:justify;mso-list:l0 level1 lfo1;\">O CONVENENTE exercer\u00e1 suas atribui\u00e7\u00f5es no territ\u00f3rio do Estado de S\u00e3o Paulo,. em conformidade com o C\u00f3digo de \u00c9tica e Disciplina Cin\u00f3filo da CBKC E cumprir\u00e1 os estatutos, regulamentos, normas e atos decis\u00f3rios da CONCEDENTE e da CBKC.<\/li>\n          <\/ol>\n          <ol start=\"3\" style=\"margin-top:0cm;\" type=\"1\">\n            <li style=\"text-align:justify;mso-list:l0 level1 lfo1;\">O CONVENENTE se compromete a realizar anualmente dentro da sua jurisdi\u00e7\u00e3o no m\u00ednimo uma exposi\u00e7\u00e3o especializada, e\/ou evento t\u00e9cnico, divulgando e fazer constar em seus documentos oficiais a sua condi\u00e7\u00e3o de filia\u00e7\u00e3o ao sistema FCI\/CBKC\/FCSP.<\/li>\n          <\/ol>\n          <ol start=\"4\" style=\"margin-top:0cm;\" type=\"1\">\n            <li style=\"text-align:justify;mso-list:l0 level1 lfo1;\">O CONCEDENTE atrav\u00e9s do &nbsp;MENTOR INSTITUCIONAL Clube Paulistano de Cinofilia exercer\u00e1 a fiscaliza\u00e7\u00e3o das atividades conveniadas, e dar\u00e1 o apoio t\u00e9cnico log\u00edstico ao Convenente no desenvolvimento das suas atividades.<\/li>\n          <\/ol>\n          <ol start=\"5\" style=\"margin-top:0cm;\" type=\"1\">\n            <li style=\"text-align:justify;mso-list:l0 level1 lfo1;\">Este Conv\u00eanio dever\u00e1 ser ratificado pelas partes a cada posse de nova administra\u00e7\u00e3o do CONVENENTE, podendo ser denunciado ou rescindido em caso de descumprimento de qualquer de suas cl\u00e1usulas ou por infra\u00e7\u00e3o aos Estatutos, Regulamentos e normas aplic\u00e1veis do sistema FCI\/CBKC\/FCSP.<\/li>\n          <\/ol>\n          <p>ADMINISTRA\u00c7\u00c3O DO DEPARTAMENTO&nbsp;<\/p>\n          <p>Coordenador : &nbsp;Henrique Cirilo&nbsp;<\/p>\n          <p>Vice Coordenador: &nbsp;Fanscisco Pinheiro<\/p>\n          <p>Comiss\u00e3o de Adestramento:H\u00e9lio de Lima&nbsp;<\/p>\n          <p>Comiss\u00e3o de Agility:Dan Wroblewski<\/p>\n        <\/div>\n      <\/div>\n    <\/section>\n    \n    \n    \n    \n  \n","protected":false},"excerpt":{"rendered":"<p>CONV\u00caNIO N\u00ba &nbsp; &#8211; 001-FCSP\/CPC\/22 CONV\u00caNIO QUE ENTRE SI CELEBRAM A FEDERA\u00c7\u00c3O CIN\u00d3FILA S\u00c3O PAULO, POR INTERM\u00c9DIO DO CLUBE PAULISTANO DE CINOFILIA \u2013 CPC E O DEPARTAMENTO ESTADUAL DA RA\u00c7A PEQUENO SPANIEL CONTINENTAL &#8211; PAPILLON&nbsp; I \u2013 DAS PARTES FEDERA\u00c7\u00c3O CIN\u00d3FILA S\u00c3O PAULO &nbsp;\u2013 FCSP \u2013 doravante denominada CONCEDENTE, neste ato representada pelo seu Presidente &hellip; <a href=\"http:\/\/dpapillonsp.com.br\/index.php\/institucional\/\" class=\"more-link\">Continue reading<span class=\"screen-reader-text\"> &#8220;Institucional&#8221;<\/span><\/a><\/p>\n","protected":false},"author":1,"featured_media":0,"parent":0,"menu_order":2,"comment_status":"closed","ping_status":"closed","template":"","meta":{"footnotes":""},"class_list":["post-24","page","type-page","status-publish","hentry"],"_links":{"self":[{"href":"http:\/\/dpapillonsp.com.br\/index.php\/wp-json\/wp\/v2\/pages\/24","targetHints":{"allow":["GET"]}}],"collection":[{"href":"http:\/\/dpapillonsp.com.br\/index.php\/wp-json\/wp\/v2\/pages"}],"about":[{"href":"http:\/\/dpapillonsp.com.br\/index.php\/wp-json\/wp\/v2\/types\/page"}],"author":[{"embeddable":true,"href":"http:\/\/dpapillonsp.com.br\/index.php\/wp-json\/wp\/v2\/users\/1"}],"replies":[{"embeddable":true,"href":"http:\/\/dpapillonsp.com.br\/index.php\/wp-json\/wp\/v2\/comments?post=24"}],"version-history":[{"count":1,"href":"http:\/\/dpapillonsp.com.br\/index.php\/wp-json\/wp\/v2\/pages\/24\/revisions"}],"predecessor-version":[{"id":34,"href":"http:\/\/dpapillonsp.com.br\/index.php\/wp-json\/wp\/v2\/pages\/24\/revisions\/34"}],"wp:attachment":[{"href":"http:\/\/dpapillonsp.com.br\/index.php\/wp-json\/wp\/v2\/media?parent=24"}],"curies":[{"name":"wp","href":"https:\/\/api.w.org\/{rel}","templated":true}]}}